{"id":662,"date":"2021-03-03T14:22:15","date_gmt":"2021-03-03T12:22:15","guid":{"rendered":"http:\/\/viucasa.com\/configurador\/"},"modified":"2021-04-12T12:12:22","modified_gmt":"2021-04-12T10:12:22","slug":"configurador","status":"publish","type":"page","link":"https:\/\/viucasa.com\/es\/configurador\/","title":{"rendered":"Configurador"},"content":{"rendered":"\n<h1 class=\"wp-block-heading\">Configura la teva casa VI\u00dc<\/h1>\n\n\n\n<h3 class=\"wp-block-heading\">VI\u00dc s\u00f3n cases 100% personalitzables.<\/h3>\n\n\n\n<p>Descobreix quins s\u00f3n els 9 models de cases VI\u00dc, busca la que m\u00e9s t\u2019agradi i personalitza-la. Pots decidir entre un munt de possibilitats. Des de quin vols que sigui el sistema constructiu fins als acabats de banys, cuina, etc.<\/p>\n\n\n\n<h3 class=\"wp-block-heading\">Entra al configurador i personalitza la teva casa VI\u00dc. <strong>Per comen\u00e7ar escull quin \u00e9s el sistema constructiu que prefereixes: prefabricat de fusta o prefabricat de formig\u00f3.<\/strong><\/h3>\n\n\n\n<p>El configurador et permet veure una recreaci\u00f3 en 3D de la teva casa VI\u00dc, podr\u00e0s afegir i treure tants extres com vulguis i veure en tot moment com canvia el preu final. Les cases VI\u00dc s\u00f3n habitatges a preu tancat. Aix\u00f2 significa que sabr\u00e0s el preu del teu habitatge des de principi a final.<\/p>\n\n\n\n<h3 class=\"wp-block-heading\">No t'encaixa cap model?<\/h3>\n\n\n\n<p>Els 9 models de cases VI\u00dc s\u00f3n nom\u00e9s un punt d\u2019inici. A partir d\u2019aqu\u00ed podem modificar el disseny per adaptar-lo a la teva parcel\u00b7la i a les teves necessitats. Com ara augmentar el nombre d\u2019habitacions, introduir altres espais, modificar el disseny de l\u2019habitatge, etc.<\/p>\n\n\n\n<h3 class=\"wp-block-heading\">Una casa totalment a mida.<\/h3>\n\n\n\n<p>Posa\u2019t en contacte amb nosaltres i t\u2019assessorarem.<\/p>\n","protected":false},"excerpt":{"rendered":"<p>Configura la teva casa VI\u00dc VI\u00dc s\u00f3n cases 100% personalitzables. Descobreix quins s\u00f3n els 9 models de cases VI\u00dc, busca la que m\u00e9s t\u2019agradi i personalitza-la. Pots decidir entre un munt de possibilitats. Des de quin vols que sigui el sistema constructiu fins als acabats de banys, cuina, etc. Entra al configurador i personalitza la [&hellip;]<\/p>\n","protected":false},"author":2,"featured_media":0,"parent":0,"menu_order":0,"comment_status":"closed","ping_status":"closed","template":"","meta":{"footnotes":""},"class_list":["post-662","page","type-page","status-publish","hentry"],"yoast_head":"<!-- This site is optimized with the Yoast SEO plugin v27.5 - https:\/\/yoast.com\/product\/yoast-seo-wordpress\/ -->\n<title>Configurador de casas prefabricadas en pocos minutos - VI\u00dc<\/title>\n<meta name=\"description\" content=\"Configurador de casas prefabricadas. Clica y configura la casa de tus sue\u00f1os en pocos minutos y hazla realidad con VI\u00dc.\" \/>\n<meta name=\"robots\" content=\"index, follow, max-snippet:-1, max-image-preview:large, max-video-preview:-1\" \/>\n<link rel=\"canonical\" href=\"https:\/\/viucasa.com\/es\/configurador\/\" \/>\n<meta property=\"og:locale\" content=\"es_ES\" \/>\n<meta property=\"og:type\" content=\"article\" \/>\n<meta property=\"og:title\" content=\"Configurador de casas prefabricadas en pocos minutos - VI\u00dc\" \/>\n<meta property=\"og:description\" content=\"Configurador de casas prefabricadas. Clica y configura la casa de tus sue\u00f1os en pocos minutos y hazla realidad con VI\u00dc.\" \/>\n<meta property=\"og:url\" content=\"https:\/\/viucasa.com\/es\/configurador\/\" \/>\n<meta property=\"og:site_name\" content=\"VI\u00dc\" \/>\n<meta property=\"article:modified_time\" content=\"2021-04-12T10:12:22+00:00\" \/>\n<meta name=\"twitter:card\" content=\"summary_large_image\" \/>\n<meta name=\"twitter:label1\" content=\"Tiempo de lectura\" \/>\n\t<meta name=\"twitter:data1\" content=\"1 minuto\" \/>\n<script type=\"application\/ld+json\" class=\"yoast-schema-graph\">{\"@context\":\"https:\\\/\\\/schema.org\",\"@graph\":[{\"@type\":\"WebPage\",\"@id\":\"https:\\\/\\\/viucasa.com\\\/es\\\/configurador\\\/\",\"url\":\"https:\\\/\\\/viucasa.com\\\/es\\\/configurador\\\/\",\"name\":\"Configurador de casas prefabricadas en pocos minutos - VI\u00dc\",\"isPartOf\":{\"@id\":\"https:\\\/\\\/viucasa.com\\\/es\\\/#website\"},\"datePublished\":\"2021-03-03T12:22:15+00:00\",\"dateModified\":\"2021-04-12T10:12:22+00:00\",\"description\":\"Configurador de casas prefabricadas. Clica y configura la casa de tus sue\u00f1os en pocos minutos y hazla realidad con VI\u00dc.\",\"breadcrumb\":{\"@id\":\"https:\\\/\\\/viucasa.com\\\/es\\\/configurador\\\/#breadcrumb\"},\"inLanguage\":\"es\",\"potentialAction\":[{\"@type\":\"ReadAction\",\"target\":[\"https:\\\/\\\/viucasa.com\\\/es\\\/configurador\\\/\"]}]},{\"@type\":\"BreadcrumbList\",\"@id\":\"https:\\\/\\\/viucasa.com\\\/es\\\/configurador\\\/#breadcrumb\",\"itemListElement\":[{\"@type\":\"ListItem\",\"position\":1,\"name\":\"Inici\",\"item\":\"https:\\\/\\\/viucasa.com\\\/es\\\/\"},{\"@type\":\"ListItem\",\"position\":2,\"name\":\"Configurador\"}]},{\"@type\":\"WebSite\",\"@id\":\"https:\\\/\\\/viucasa.com\\\/es\\\/#website\",\"url\":\"https:\\\/\\\/viucasa.com\\\/es\\\/\",\"name\":\"VI\u00dc\",\"description\":\"Cases prefabricades saludables i personalitzables\",\"publisher\":{\"@id\":\"https:\\\/\\\/viucasa.com\\\/es\\\/#organization\"},\"potentialAction\":[{\"@type\":\"SearchAction\",\"target\":{\"@type\":\"EntryPoint\",\"urlTemplate\":\"https:\\\/\\\/viucasa.com\\\/es\\\/?s={search_term_string}\"},\"query-input\":{\"@type\":\"PropertyValueSpecification\",\"valueRequired\":true,\"valueName\":\"search_term_string\"}}],\"inLanguage\":\"es\"},{\"@type\":\"Organization\",\"@id\":\"https:\\\/\\\/viucasa.com\\\/es\\\/#organization\",\"name\":\"Vi\u00fc Casa\",\"url\":\"https:\\\/\\\/viucasa.com\\\/es\\\/\",\"logo\":{\"@type\":\"ImageObject\",\"inLanguage\":\"es\",\"@id\":\"https:\\\/\\\/viucasa.com\\\/es\\\/#\\\/schema\\\/logo\\\/image\\\/\",\"url\":\"https:\\\/\\\/viucasa.com\\\/wp-content\\\/uploads\\\/2021\\\/01\\\/VIo_logo.jpg\",\"contentUrl\":\"https:\\\/\\\/viucasa.com\\\/wp-content\\\/uploads\\\/2021\\\/01\\\/VIo_logo.jpg\",\"width\":108,\"height\":55,\"caption\":\"Vi\u00fc Casa\"},\"image\":{\"@id\":\"https:\\\/\\\/viucasa.com\\\/es\\\/#\\\/schema\\\/logo\\\/image\\\/\"}}]}<\/script>\n<!-- \/ Yoast SEO plugin. -->","yoast_head_json":{"title":"Configurador de casas prefabricadas en pocos minutos - VI\u00dc","description":"Configurador de casas prefabricadas. Clica y configura la casa de tus sue\u00f1os en pocos minutos y hazla realidad con VI\u00dc.","robots":{"index":"index","follow":"follow","max-snippet":"max-snippet:-1","max-image-preview":"max-image-preview:large","max-video-preview":"max-video-preview:-1"},"canonical":"https:\/\/viucasa.com\/es\/configurador\/","og_locale":"es_ES","og_type":"article","og_title":"Configurador de casas prefabricadas en pocos minutos - VI\u00dc","og_description":"Configurador de casas prefabricadas. Clica y configura la casa de tus sue\u00f1os en pocos minutos y hazla realidad con VI\u00dc.","og_url":"https:\/\/viucasa.com\/es\/configurador\/","og_site_name":"VI\u00dc","article_modified_time":"2021-04-12T10:12:22+00:00","twitter_card":"summary_large_image","twitter_misc":{"Tiempo de lectura":"1 minuto"},"schema":{"@context":"https:\/\/schema.org","@graph":[{"@type":"WebPage","@id":"https:\/\/viucasa.com\/es\/configurador\/","url":"https:\/\/viucasa.com\/es\/configurador\/","name":"Configurador de casas prefabricadas en pocos minutos - VI\u00dc","isPartOf":{"@id":"https:\/\/viucasa.com\/es\/#website"},"datePublished":"2021-03-03T12:22:15+00:00","dateModified":"2021-04-12T10:12:22+00:00","description":"Configurador de casas prefabricadas. Clica y configura la casa de tus sue\u00f1os en pocos minutos y hazla realidad con VI\u00dc.","breadcrumb":{"@id":"https:\/\/viucasa.com\/es\/configurador\/#breadcrumb"},"inLanguage":"es","potentialAction":[{"@type":"ReadAction","target":["https:\/\/viucasa.com\/es\/configurador\/"]}]},{"@type":"BreadcrumbList","@id":"https:\/\/viucasa.com\/es\/configurador\/#breadcrumb","itemListElement":[{"@type":"ListItem","position":1,"name":"Inici","item":"https:\/\/viucasa.com\/es\/"},{"@type":"ListItem","position":2,"name":"Configurador"}]},{"@type":"WebSite","@id":"https:\/\/viucasa.com\/es\/#website","url":"https:\/\/viucasa.com\/es\/","name":"VI\u00dc","description":"Cases prefabricades saludables i personalitzables","publisher":{"@id":"https:\/\/viucasa.com\/es\/#organization"},"potentialAction":[{"@type":"SearchAction","target":{"@type":"EntryPoint","urlTemplate":"https:\/\/viucasa.com\/es\/?s={search_term_string}"},"query-input":{"@type":"PropertyValueSpecification","valueRequired":true,"valueName":"search_term_string"}}],"inLanguage":"es"},{"@type":"Organization","@id":"https:\/\/viucasa.com\/es\/#organization","name":"Vi\u00fc Casa","url":"https:\/\/viucasa.com\/es\/","logo":{"@type":"ImageObject","inLanguage":"es","@id":"https:\/\/viucasa.com\/es\/#\/schema\/logo\/image\/","url":"https:\/\/viucasa.com\/wp-content\/uploads\/2021\/01\/VIo_logo.jpg","contentUrl":"https:\/\/viucasa.com\/wp-content\/uploads\/2021\/01\/VIo_logo.jpg","width":108,"height":55,"caption":"Vi\u00fc Casa"},"image":{"@id":"https:\/\/viucasa.com\/es\/#\/schema\/logo\/image\/"}}]}},"_links":{"self":[{"href":"https:\/\/viucasa.com\/es\/wp-json\/wp\/v2\/pages\/662","targetHints":{"allow":["GET"]}}],"collection":[{"href":"https:\/\/viucasa.com\/es\/wp-json\/wp\/v2\/pages"}],"about":[{"href":"https:\/\/viucasa.com\/es\/wp-json\/wp\/v2\/types\/page"}],"author":[{"embeddable":true,"href":"https:\/\/viucasa.com\/es\/wp-json\/wp\/v2\/users\/2"}],"replies":[{"embeddable":true,"href":"https:\/\/viucasa.com\/es\/wp-json\/wp\/v2\/comments?post=662"}],"version-history":[{"count":4,"href":"https:\/\/viucasa.com\/es\/wp-json\/wp\/v2\/pages\/662\/revisions"}],"predecessor-version":[{"id":2624,"href":"https:\/\/viucasa.com\/es\/wp-json\/wp\/v2\/pages\/662\/revisions\/2624"}],"wp:attachment":[{"href":"https:\/\/viucasa.com\/es\/wp-json\/wp\/v2\/media?parent=662"}],"curies":[{"name":"wp","href":"https:\/\/api.w.org\/{rel}","templated":true}]}}